{"id":16,"date":"2023-02-22T10:00:06","date_gmt":"2023-02-22T09:00:06","guid":{"rendered":"https:\/\/zaciszewgolubiu.pl\/site\/?page_id=16"},"modified":"2023-02-26T17:41:56","modified_gmt":"2023-02-26T16:41:56","slug":"opinie","status":"publish","type":"page","link":"https:\/\/zaciszewgolubiu.pl\/index.php\/opinie\/","title":{"rendered":"Opinie"},"content":{"rendered":"<section class=\"wpb-content-wrapper\"><p>[vc_row][vc_column]<div class='dt-sc-clear '> <\/div><blockquote class='type1 ' ><q>Warto przejecha\u0107 ca\u0142\u0105 Polsk\u0119 (z Nowego Targu), aby znale\u017a\u0107 si\u0119 w tak uroczym miejscu. Byli\u015bmy ju\u017c w dwie rodzinki dwukrotnie i wybieramy si\u0119 trzeci raz.<\/q><cite>&ndash; Ma\u0142gorzata i \u0141ukasz<\/cite><\/blockquote><div class='dt-sc-hr-invisible-medium '> <\/div>[\/vc_column][\/vc_row][vc_row][vc_column]<div class='dt-sc-clear '> <\/div><blockquote class='type1 ' ><q>Pi\u0119kne, ciche miejsce. Wspania\u0142e tereny do sportowej jazdy rowerem. Byli\u015bmy dwa tygodnie, \u017cona pla\u017cowa\u0142a, a ja zje\u017adzi\u0142em wi\u0119kszo\u015b\u0107 tras w promieniu 40 kilometr\u00f3w.<\/q><cite>&ndash; Mariusz<\/cite><\/blockquote><div class='dt-sc-hr-invisible-medium '> <\/div>[\/vc_column][\/vc_row][vc_row][vc_column]<div class='dt-sc-clear '> <\/div><blockquote class='type1 ' ><q>W Go\u0142ubiu po raz pierwszy od dawna mog\u0142em pow\u0119dkowa\u0107 z ojcem. Po\u0142owy nie by\u0142y jakie\u015b bardzo spektakularne, ale jezioro ciche i spokojne, z pi\u0119knymi widokami.<\/q><cite>&ndash; Aleksander<\/cite><\/blockquote><div class='dt-sc-hr-invisible-medium '> <\/div>[\/vc_column][\/vc_row][vc_row][vc_column]<div class='dt-sc-clear '> <\/div><blockquote class='type1 ' ><q>Trafili\u015bmy\u00a0 na\u00a0 wyj\u0105tkowo\u00a0 upalne\u00a0 dni\u00a0 w\u00a0 po\u0142owie\u00a0 czerwca\u00a0 i\u00a0 by\u0142o jak w Grecji. Ca\u0142e\u00a0 dni\u00a0 sp\u0119dzali\u015bmy\u00a0 na\u00a0 pomo\u015bcie\u00a0 i\u00a0 woda\u00a0 w\u00a0 jeziorze\u00a0 by\u0142a wspania\u0142a!<\/q><cite>&ndash; Magda i Piotr<\/cite><\/blockquote><div class='dt-sc-hr-invisible-medium '> <\/div>[\/vc_column][\/vc_row]<\/p>\n<\/section>","protected":false},"excerpt":{"rendered":"<p>[vc_row][vc_column][\/vc_column][\/vc_row][vc_row][vc_column][\/vc_column][\/vc_row][vc_row][vc_column][\/vc_column][\/vc_row][vc_row][vc_column][\/vc_column][\/vc_row]<\/p>\n","protected":false},"author":1,"featured_media":0,"parent":0,"menu_order":0,"comment_status":"closed","ping_status":"closed","template":"","meta":{"footnotes":""},"class_list":["post-16","page","type-page","status-publish","hentry"],"_links":{"self":[{"href":"https:\/\/zaciszewgolubiu.pl\/index.php\/wp-json\/wp\/v2\/pages\/16","targetHints":{"allow":["GET"]}}],"collection":[{"href":"https:\/\/zaciszewgolubiu.pl\/index.php\/wp-json\/wp\/v2\/pages"}],"about":[{"href":"https:\/\/zaciszewgolubiu.pl\/index.php\/wp-json\/wp\/v2\/types\/page"}],"author":[{"embeddable":true,"href":"https:\/\/zaciszewgolubiu.pl\/index.php\/wp-json\/wp\/v2\/users\/1"}],"replies":[{"embeddable":true,"href":"https:\/\/zaciszewgolubiu.pl\/index.php\/wp-json\/wp\/v2\/comments?post=16"}],"version-history":[{"count":10,"href":"https:\/\/zaciszewgolubiu.pl\/index.php\/wp-json\/wp\/v2\/pages\/16\/revisions"}],"predecessor-version":[{"id":149,"href":"https:\/\/zaciszewgolubiu.pl\/index.php\/wp-json\/wp\/v2\/pages\/16\/revisions\/149"}],"wp:attachment":[{"href":"https:\/\/zaciszewgolubiu.pl\/index.php\/wp-json\/wp\/v2\/media?parent=16"}],"curies":[{"name":"wp","href":"https:\/\/api.w.org\/{rel}","templated":true}]}}